{"id":66882,"date":"2026-02-16T17:52:17","date_gmt":"2026-02-16T16:52:17","guid":{"rendered":"https:\/\/adaptsolutions.com\/?page_id=66882"},"modified":"2026-02-17T18:07:50","modified_gmt":"2026-02-17T17:07:50","slug":"index","status":"publish","type":"page","link":"https:\/\/www.adapt-solutions.ca\/fr\/","title":{"rendered":"Accueil"},"content":{"rendered":"","protected":false},"excerpt":{"rendered":"","protected":false},"author":16,"featured_media":0,"parent":0,"menu_order":0,"comment_status":"closed","ping_status":"closed","template":"template-solstice.php","meta":{"_acf_changed":false,"footnotes":""},"class_list":["post-66882","page","type-page","status-publish","hentry"],"acf":[],"yoast_head":"<!-- This site is optimized with the Yoast SEO plugin v27.3 - https:\/\/yoast.com\/product\/yoast-seo-wordpress\/ -->\n<title>Accueil - Adapt solution<\/title>\n<meta name=\"description\" content=\"Adapt Solutions vous propose des produits de mobilit\u00e9 innovants, con\u00e7us pour am\u00e9liorer l\u2019accessibilit\u00e9 de votre v\u00e9hicule, dont le c\u00e9l\u00e8bre LINK.\" \/>\n<meta name=\"robots\" content=\"index, follow, max-snippet:-1, max-image-preview:large, max-video-preview:-1\" \/>\n<link rel=\"canonical\" href=\"https:\/\/www.adapt-solutions.ca\/fr\/\" \/>\n<meta property=\"og:locale\" content=\"fr_FR\" \/>\n<meta property=\"og:type\" content=\"article\" \/>\n<meta property=\"og:title\" content=\"Accueil - Adapt solution\" \/>\n<meta property=\"og:description\" content=\"Adapt Solutions vous propose des produits de mobilit\u00e9 innovants, con\u00e7us pour am\u00e9liorer l\u2019accessibilit\u00e9 de votre v\u00e9hicule, dont le c\u00e9l\u00e8bre LINK.\" \/>\n<meta property=\"og:url\" content=\"https:\/\/www.adapt-solutions.ca\/fr\/\" \/>\n<meta property=\"og:site_name\" content=\"Adapt solution\" \/>\n<meta property=\"article:modified_time\" content=\"2026-02-17T17:07:50+00:00\" \/>\n<meta property=\"og:image\" content=\"https:\/\/www.adapt-solutions.ca\/content\/uploads\/2019\/01\/building-winter-sky-e1548162355607-scaled.jpg\" \/>\n\t<meta property=\"og:image:width\" content=\"2560\" \/>\n\t<meta property=\"og:image:height\" content=\"1696\" \/>\n\t<meta property=\"og:image:type\" content=\"image\/jpeg\" \/>\n<meta name=\"twitter:card\" content=\"summary_large_image\" \/>\n<meta name=\"twitter:label1\" content=\"Dur\u00e9e de lecture estim\u00e9e\" \/>\n\t<meta name=\"twitter:data1\" content=\"1 minute\" \/>\n<script type=\"application\/ld+json\" class=\"yoast-schema-graph\">{\"@context\":\"https:\\\/\\\/schema.org\",\"@graph\":[{\"@type\":\"WebPage\",\"@id\":\"https:\\\/\\\/www.adapt-solutions.ca\\\/fr\\\/\",\"url\":\"https:\\\/\\\/www.adapt-solutions.ca\\\/fr\\\/\",\"name\":\"Accueil - Adapt solution\",\"isPartOf\":{\"@id\":\"https:\\\/\\\/adapt-solutions.net\\\/#website\"},\"datePublished\":\"2026-02-16T16:52:17+00:00\",\"dateModified\":\"2026-02-17T17:07:50+00:00\",\"description\":\"Adapt Solutions vous propose des produits de mobilit\u00e9 innovants, con\u00e7us pour am\u00e9liorer l\u2019accessibilit\u00e9 de votre v\u00e9hicule, dont le c\u00e9l\u00e8bre LINK.\",\"breadcrumb\":{\"@id\":\"https:\\\/\\\/www.adapt-solutions.ca\\\/fr\\\/#breadcrumb\"},\"inLanguage\":\"fr-FR\",\"potentialAction\":[{\"@type\":\"ReadAction\",\"target\":[\"https:\\\/\\\/www.adapt-solutions.ca\\\/fr\\\/\"]}]},{\"@type\":\"BreadcrumbList\",\"@id\":\"https:\\\/\\\/www.adapt-solutions.ca\\\/fr\\\/#breadcrumb\",\"itemListElement\":[{\"@type\":\"ListItem\",\"position\":1,\"name\":\"Home\",\"item\":\"https:\\\/\\\/adaptsolutions.com\\\/fr\\\/\"},{\"@type\":\"ListItem\",\"position\":2,\"name\":\"Accueil\"}]},{\"@type\":\"WebSite\",\"@id\":\"https:\\\/\\\/adapt-solutions.net\\\/#website\",\"url\":\"https:\\\/\\\/adapt-solutions.net\\\/\",\"name\":\"Adapt solution\",\"description\":\"Quality mobility equipment\",\"publisher\":{\"@id\":\"https:\\\/\\\/adapt-solutions.net\\\/#organization\"},\"potentialAction\":[{\"@type\":\"SearchAction\",\"target\":{\"@type\":\"EntryPoint\",\"urlTemplate\":\"https:\\\/\\\/adapt-solutions.net\\\/?s={search_term_string}\"},\"query-input\":{\"@type\":\"PropertyValueSpecification\",\"valueRequired\":true,\"valueName\":\"search_term_string\"}}],\"inLanguage\":\"fr-FR\"},{\"@type\":\"Organization\",\"@id\":\"https:\\\/\\\/adapt-solutions.net\\\/#organization\",\"name\":\"Adapt solution\",\"url\":\"https:\\\/\\\/adapt-solutions.net\\\/\",\"logo\":{\"@type\":\"ImageObject\",\"inLanguage\":\"fr-FR\",\"@id\":\"https:\\\/\\\/adapt-solutions.net\\\/#\\\/schema\\\/logo\\\/image\\\/\",\"url\":\"https:\\\/\\\/adaptsolutions.com\\\/content\\\/uploads\\\/2020\\\/02\\\/sales-3.png\",\"contentUrl\":\"https:\\\/\\\/adaptsolutions.com\\\/content\\\/uploads\\\/2020\\\/02\\\/sales-3.png\",\"width\":750,\"height\":242,\"caption\":\"Adapt solution\"},\"image\":{\"@id\":\"https:\\\/\\\/adapt-solutions.net\\\/#\\\/schema\\\/logo\\\/image\\\/\"}}]}<\/script>\n<!-- \/ Yoast SEO plugin. -->","yoast_head_json":{"title":"Accueil - Adapt solution","description":"Adapt Solutions vous propose des produits de mobilit\u00e9 innovants, con\u00e7us pour am\u00e9liorer l\u2019accessibilit\u00e9 de votre v\u00e9hicule, dont le c\u00e9l\u00e8bre LINK.","robots":{"index":"index","follow":"follow","max-snippet":"max-snippet:-1","max-image-preview":"max-image-preview:large","max-video-preview":"max-video-preview:-1"},"canonical":"https:\/\/www.adapt-solutions.ca\/fr\/","og_locale":"fr_FR","og_type":"article","og_title":"Accueil - Adapt solution","og_description":"Adapt Solutions vous propose des produits de mobilit\u00e9 innovants, con\u00e7us pour am\u00e9liorer l\u2019accessibilit\u00e9 de votre v\u00e9hicule, dont le c\u00e9l\u00e8bre LINK.","og_url":"https:\/\/www.adapt-solutions.ca\/fr\/","og_site_name":"Adapt solution","article_modified_time":"2026-02-17T17:07:50+00:00","og_image":[{"width":2560,"height":1696,"url":"https:\/\/www.adapt-solutions.ca\/content\/uploads\/2019\/01\/building-winter-sky-e1548162355607-scaled.jpg","type":"image\/jpeg"}],"twitter_card":"summary_large_image","twitter_misc":{"Dur\u00e9e de lecture estim\u00e9e":"1 minute"},"schema":{"@context":"https:\/\/schema.org","@graph":[{"@type":"WebPage","@id":"https:\/\/www.adapt-solutions.ca\/fr\/","url":"https:\/\/www.adapt-solutions.ca\/fr\/","name":"Accueil - Adapt solution","isPartOf":{"@id":"https:\/\/adapt-solutions.net\/#website"},"datePublished":"2026-02-16T16:52:17+00:00","dateModified":"2026-02-17T17:07:50+00:00","description":"Adapt Solutions vous propose des produits de mobilit\u00e9 innovants, con\u00e7us pour am\u00e9liorer l\u2019accessibilit\u00e9 de votre v\u00e9hicule, dont le c\u00e9l\u00e8bre LINK.","breadcrumb":{"@id":"https:\/\/www.adapt-solutions.ca\/fr\/#breadcrumb"},"inLanguage":"fr-FR","potentialAction":[{"@type":"ReadAction","target":["https:\/\/www.adapt-solutions.ca\/fr\/"]}]},{"@type":"BreadcrumbList","@id":"https:\/\/www.adapt-solutions.ca\/fr\/#breadcrumb","itemListElement":[{"@type":"ListItem","position":1,"name":"Home","item":"https:\/\/adaptsolutions.com\/fr\/"},{"@type":"ListItem","position":2,"name":"Accueil"}]},{"@type":"WebSite","@id":"https:\/\/adapt-solutions.net\/#website","url":"https:\/\/adapt-solutions.net\/","name":"Adapt solution","description":"Quality mobility equipment","publisher":{"@id":"https:\/\/adapt-solutions.net\/#organization"},"potentialAction":[{"@type":"SearchAction","target":{"@type":"EntryPoint","urlTemplate":"https:\/\/adapt-solutions.net\/?s={search_term_string}"},"query-input":{"@type":"PropertyValueSpecification","valueRequired":true,"valueName":"search_term_string"}}],"inLanguage":"fr-FR"},{"@type":"Organization","@id":"https:\/\/adapt-solutions.net\/#organization","name":"Adapt solution","url":"https:\/\/adapt-solutions.net\/","logo":{"@type":"ImageObject","inLanguage":"fr-FR","@id":"https:\/\/adapt-solutions.net\/#\/schema\/logo\/image\/","url":"https:\/\/adaptsolutions.com\/content\/uploads\/2020\/02\/sales-3.png","contentUrl":"https:\/\/adaptsolutions.com\/content\/uploads\/2020\/02\/sales-3.png","width":750,"height":242,"caption":"Adapt solution"},"image":{"@id":"https:\/\/adapt-solutions.net\/#\/schema\/logo\/image\/"}}]}},"_links":{"self":[{"href":"https:\/\/www.adapt-solutions.ca\/fr\/wp-json\/wp\/v2\/pages\/66882","targetHints":{"allow":["GET"]}}],"collection":[{"href":"https:\/\/www.adapt-solutions.ca\/fr\/wp-json\/wp\/v2\/pages"}],"about":[{"href":"https:\/\/www.adapt-solutions.ca\/fr\/wp-json\/wp\/v2\/types\/page"}],"author":[{"embeddable":true,"href":"https:\/\/www.adapt-solutions.ca\/fr\/wp-json\/wp\/v2\/users\/16"}],"replies":[{"embeddable":true,"href":"https:\/\/www.adapt-solutions.ca\/fr\/wp-json\/wp\/v2\/comments?post=66882"}],"version-history":[{"count":9,"href":"https:\/\/www.adapt-solutions.ca\/fr\/wp-json\/wp\/v2\/pages\/66882\/revisions"}],"predecessor-version":[{"id":67042,"href":"https:\/\/www.adapt-solutions.ca\/fr\/wp-json\/wp\/v2\/pages\/66882\/revisions\/67042"}],"wp:attachment":[{"href":"https:\/\/www.adapt-solutions.ca\/fr\/wp-json\/wp\/v2\/media?parent=66882"}],"curies":[{"name":"wp","href":"https:\/\/api.w.org\/{rel}","templated":true}]}}